{"id":1087,"date":"2010-11-16T18:54:04","date_gmt":"2010-11-16T21:54:04","guid":{"rendered":"http:\/\/tedxportoalegre.com.br\/2010\/"},"modified":"2010-12-05T14:00:23","modified_gmt":"2010-12-05T17:00:23","slug":"poaxidea","status":"publish","type":"page","link":"https:\/\/tedxportoalegre.com.br\/2010\/poaxidea\/","title":{"rendered":"POAxIdea"},"content":{"rendered":"<p style=\"text-align: justify;\">O <strong>TEDxPortoAlegre<\/strong> e a <a href=\"http:\/\/www.inexmarketing.com.br\/\" target=\"_new\"><strong>Inex Marketing<\/strong><\/a> apresentam o <span style=\"color: #ff0000;\"><strong><span style=\"color: #000000;\">POAxIde<\/span><span style=\"color: #000000;\">a<\/span><\/strong><\/span>, uma atividade que vai permitir que uma dentre milhares de pessoas que se inspiraram com o evento possa ter a oportunidade de receber uma assessoria para desenvolv\u00ea-la como neg\u00f3cio. Para participar desse concurso, existem duas formas: inscrever sua ideia ou votar nas ideias inscritas (sim, elas s\u00e3o excludentes). J\u00e1 escolheu qual a sua op\u00e7\u00e3o? Leia mais abaixo, fa\u00e7a seu cadastro e participe desta iniciativa que vai tirar algu\u00e9m do campo dos sonhos e levar para o caminho da realidade!<\/p>\n<p><\/p>\n<p><strong>Regras<\/strong><\/p>\n<li> &#8211; A ideia a ser submetida deve estar em est\u00e1gio embrion\u00e1rio e ser compat\u00edvel com a proposta do TEDx.<\/li>\n<li> &#8211; O respons\u00e1vel pela ideia deve ser morador da regi\u00e3o metropolitana de Porto Alegre.<\/li>\n<li> &#8211; Para exposi\u00e7\u00e3o ao p\u00fablico para vota\u00e7\u00e3o ser\u00e3o divulgados apenas tr\u00eas itens do formul\u00e1rio completo de \u201cSubmiss\u00e3o de ideias\u201d, sendo eles: \u201cNome da ideia\u201d, \u201cDescri\u00e7\u00e3o da ideia\u201d e \u201cRela\u00e7\u00e3o da ideia com o TEDx\u201d.<\/li>\n<li> &#8211; Os crit\u00e9rios de avalia\u00e7\u00e3o a serem considerados ser\u00e3o: originalidade; contribui\u00e7\u00e3o para a sociedade\/mundo; viabilidade da ideia; v\u00ednculo do participante com a ideia, capacidade do participante em implantar o projeto.<\/li>\n<li> &#8211; Os 5 finalistas dever\u00e3o preparar uma apresenta\u00e7\u00e3o de 30 minutos para a Comiss\u00e3o Organizadora, a ser realizada na sede da<strong> Inex Marketing<\/strong>, em Porto Alegre.\n<p><\/p>\n<p><strong>Premia\u00e7\u00e3o<\/strong><br \/>\n\u00c0 ideia escolhida ao final do processo de sele\u00e7\u00e3o ser\u00e1 oferecida uma consultoria para desenvolvimento do projeto junto \u00e0 <strong>Inex Marketing<\/strong> e poss\u00edvel espa\u00e7o para palestra no pr\u00f3ximo <strong>TEDxPortoAlegre<\/strong> (organizado pelo mesmo host).<\/li>\n<p><\/p>\n<p><strong>Cronograma<\/strong><\/p>\n<li> &#8211; Submiss\u00e3o de ideias: de 13 a 27 de novembro de 2010<\/li>\n<li> &#8211; Avalia\u00e7\u00e3o da Comiss\u00e3o Julgadora: de 28 de novembro at\u00e9 31 de dezembro de 2010<\/li>\n<li> &#8211; Divulga\u00e7\u00e3o de Selecionados e Per\u00edodo de Vota\u00e7\u00e3o: de 03 a 18 de janeiro de 2011<\/li>\n<li> &#8211; Divulga\u00e7\u00e3o de Finalistas: de 19 a 21 de janeiro de 2011<\/li>\n<li> &#8211; Apresenta\u00e7\u00e3o Presencial de Finalistas para Comiss\u00e3o Julgadora: de 24 a 28 de janeiro de 2011<\/li>\n<li> &#8211; Divulga\u00e7\u00e3o do Vencedor: 03 de fevereiro de 2011<\/li>\n<p><\/p>\n<p>\u00c9 recomendado que os participantes leiam o regulamento completo.<\/p>\n<p><\/p>\n<p style=\"text-align: center;\"><a href=\"http:\/\/tedxportoalegre.com.br\/files\/Regulamento_POAxIdea.pdf\" target=\"_new\">Baixar regulamento completo<\/a><\/p>\n<\/p>\n<p style=\"text-align: justify;\"><strong>&#8211; Voc\u00ea vota nas ideias inscritas<\/strong><br \/>\n Voc\u00ea gosta de conhecer novas ideias? Que tal unir esse gosto \u00e0 possibilidade de escolher uma ideia inspiradora para ser posta em pr\u00e1tica? Chega a hora de votar e \u00e9 voc\u00ea quem vai escolher! Basta cadastrar-se aqui e, assim que estiverem abertas as ideias para vota\u00e7\u00e3o, voc\u00ea poder\u00e1 escolher!<\/p>\n<p><\/p>\n<p><iframe loading=\"lazy\" src=\"https:\/\/spreadsheets.google.com\/embeddedform?formkey=dGhaaUpiRk42MndvaEhVUl9xOTV0bHc6MQ\" width=\"760\" height=\"620\" frameborder=\"0\" marginheight=\"0\" marginwidth=\"0\">Carregando&#8230;<\/iframe><\/p>\n<p><\/p>\n<p style=\"text-align: justify;\"><strong>&#8211; Voc\u00ea inscreve sua ideia<\/strong><br \/>\n Voc\u00ea possui uma grande ideia para p\u00f4r em pr\u00e1tica e compartilhar com as pessoas? <span style=\"color: #000000;\">O <strong>POAxIdea<\/strong> <\/span>vai ajudar a transformar uma ideia inspiradora em realidade. Para participar, voc\u00ea deve descrever sua ideia e apontar as contribui\u00e7\u00f5es da mesma para a sociedade, ser morador da Regi\u00e3o Metropolitana de Porto Alegre e preencher todas os campos do formul\u00e1rio a seguir. N\u00e3o se esque\u00e7a de ler o regulamento para conhecer as normas, prazos e premia\u00e7\u00e3o do concurso.<\/p>\n<p><\/p>\n<div id=\"_mcePaste\" style=\"text-align: justify;\">Submiss\u00e3o de Ideias:<\/div>\n<p><center><b>As inscri\u00e7\u00f5es est\u00e3o encerradas.<\/b><\/center><\/p>\n","protected":false},"excerpt":{"rendered":"<p>O TEDxPortoAlegre e a Inex Marketing apresentam o POAxIdea, uma atividade que vai permitir que uma dentre milhares de pessoas que se inspiraram com o evento possa ter a oportunidade de receber uma assessoria para desenvolv\u00ea-la como neg\u00f3cio. Para participar desse concurso, existem duas formas: inscrever sua ideia ou votar nas ideias inscritas (sim, elas s\u00e3o excludentes). J\u00e1 escolheu qual a sua op\u00e7\u00e3o? Leia mais abaixo, fa\u00e7a seu cadastro e participe desta iniciativa que vai tirar algu\u00e9m do campo dos sonhos e levar para o caminho da realidade! Regras &#8211; [&hellip;]<\/p>\n","protected":false},"author":1,"featured_media":0,"parent":0,"menu_order":0,"comment_status":"closed","ping_status":"open","template":"onecolumn-page.php","meta":{"advanced_seo_description":"","jetpack_seo_html_title":"","jetpack_seo_noindex":false,"jetpack_post_was_ever_published":false,"footnotes":""},"class_list":["post-1087","page","type-page","status-publish","hentry"],"jetpack_sharing_enabled":true,"jetpack_shortlink":"https:\/\/wp.me\/P2Pi7i-hx","jetpack_likes_enabled":true,"jetpack-related-posts":[],"_links":{"self":[{"href":"https:\/\/tedxportoalegre.com.br\/2010\/wp-json\/wp\/v2\/pages\/1087","targetHints":{"allow":["GET"]}}],"collection":[{"href":"https:\/\/tedxportoalegre.com.br\/2010\/wp-json\/wp\/v2\/pages"}],"about":[{"href":"https:\/\/tedxportoalegre.com.br\/2010\/wp-json\/wp\/v2\/types\/page"}],"author":[{"embeddable":true,"href":"https:\/\/tedxportoalegre.com.br\/2010\/wp-json\/wp\/v2\/users\/1"}],"replies":[{"embeddable":true,"href":"https:\/\/tedxportoalegre.com.br\/2010\/wp-json\/wp\/v2\/comments?post=1087"}],"version-history":[{"count":47,"href":"https:\/\/tedxportoalegre.com.br\/2010\/wp-json\/wp\/v2\/pages\/1087\/revisions"}],"predecessor-version":[{"id":1116,"href":"https:\/\/tedxportoalegre.com.br\/2010\/wp-json\/wp\/v2\/pages\/1087\/revisions\/1116"}],"wp:attachment":[{"href":"https:\/\/tedxportoalegre.com.br\/2010\/wp-json\/wp\/v2\/media?parent=1087"}],"curies":[{"name":"wp","href":"https:\/\/api.w.org\/{rel}","templated":true}]}}